{"id":1006,"date":"2024-11-25T07:46:19","date_gmt":"2024-11-25T00:46:19","guid":{"rendered":"https:\/\/sunleescandinavia.com\/?page_id=1006"},"modified":"2025-02-05T10:53:08","modified_gmt":"2025-02-05T03:53:08","slug":"kontakt-os","status":"publish","type":"page","link":"https:\/\/sunleescandinavia.com\/da\/kontakt-os\/","title":{"rendered":"Kontakt os"},"content":{"rendered":"\n\t<section class=\"section\" id=\"section_1684166768\">\n\t\t<div class=\"section-bg fill\" >\n\t\t\t\t\t\t\t\t\t\n\t\t\t\n\n\t\t<\/div>\n\n\t\t\n\n\t\t<div class=\"section-content relative\">\n\t\t\t\n\n  <div class=\"banner has-hover\" id=\"banner-1656086894\">\n          <div class=\"banner-inner fill\">\n        <div class=\"banner-bg fill\" >\n            <img loading=\"lazy\" decoding=\"async\" width=\"1020\" height=\"680\" src=\"https:\/\/sunleescandinavia.com\/wp-content\/uploads\/2024\/12\/close-up-person-working-call-center-1024x683.webp\" class=\"bg attachment-large size-large\" alt=\"\" \/>                        <div class=\"overlay\"><\/div>            \n                    <\/div>\n\t\t\n        <div class=\"banner-layers container\">\n            <div class=\"fill banner-link\"><\/div>            \n   <div id=\"text-box-317424576\" class=\"text-box banner-layer x50 md-x50 lg-x50 y50 md-y50 lg-y50 res-text\">\n                                <div class=\"text-box-content text dark\">\n              \n              <div class=\"text-inner text-center\">\n                  \n<h2 class=\"uppercase\"><b>Kontakt os<br \/>\n<\/b><\/h2>\n              <\/div>\n           <\/div>\n                            \n<style>\n#text-box-317424576 {\n  width: 60%;\n}\n#text-box-317424576 .text-box-content {\n  font-size: 100%;\n}\n<\/style>\n    <\/div>\n \n        <\/div>\n      <\/div>\n\n            \n<style>\n#banner-1656086894 {\n  padding-top: 300px;\n  background-color: rgb(255, 255, 255);\n}\n#banner-1656086894 .overlay {\n  background-color: rgba(0, 0, 0, 0.17);\n}\n@media (min-width:550px) {\n  #banner-1656086894 {\n    padding-top: 400px;\n  }\n}\n@media (min-width:850px) {\n  #banner-1656086894 {\n    padding-top: 500px;\n  }\n}\n<\/style>\n  <\/div>\n\n\n\t\t<\/div>\n\n\t\t\n<style>\n#section_1684166768 {\n  padding-top: 0px;\n  padding-bottom: 0px;\n}\n<\/style>\n\t<\/section>\n\t\n\n\t<section class=\"section\" id=\"section_1662191172\">\n\t\t<div class=\"section-bg fill\" >\n\t\t\t<img loading=\"lazy\" decoding=\"async\" width=\"2560\" height=\"963\" src=\"https:\/\/sunleescandinavia.com\/wp-content\/uploads\/2024\/12\/bg-food-about-us-1-scaled.webp\" class=\"bg attachment- size-\" alt=\"\" \/>\t\t\t\t\t\t\n\t\t\t\n\n\t\t<\/div>\n\n\t\t\n\n\t\t<div class=\"section-content relative\">\n\t\t\t\n\t<div id=\"gap-706758448\" class=\"gap-element clearfix\" style=\"display:block; height:auto;\">\n\t\t\n<style>\n#gap-706758448 {\n  padding-top: 0px;\n}\n@media (min-width:550px) {\n  #gap-706758448 {\n    padding-top: 30px;\n  }\n}\n<\/style>\n\t<\/div>\n\t\n<div class=\"row\"  id=\"row-1009411898\">\n\n\t<div id=\"col-311496333\" class=\"col small-12 large-12\"  >\n\t\t\t\t<div class=\"col-inner\" style=\"background-color:rgb(255, 255, 255);\" >\n\t\t\t\n\t\t\t\n<div class=\"row row-collapse\"  id=\"row-1239884278\">\n\n\t<div id=\"col-626949425\" class=\"col medium-12 small-12 large-7\"  >\n\t\t\t\t<div class=\"col-inner\"  >\n\t\t\t\n\t\t\t\n\t<div id=\"text-567706197\" class=\"text\">\n\t\t\n<h2 class=\"uppercase\"><span style=\"color: #ed1c24;\"><b>Kontakt os<br \/>\n<\/b><\/span><\/h2>\n<p style=\"font-size: 1rem;\">Din feedback er meget v\u00e6rdsat og vil blive behandlet p\u00e5 en passende m\u00e5de.\n<\/p>\n\t\t\n<style>\n#text-567706197 {\n  font-size: 1.4rem;\n  line-height: 1.4;\n  color: rgb(0,0,0);\n}\n#text-567706197 > * {\n  color: rgb(0,0,0);\n}\n@media (min-width:550px) {\n  #text-567706197 {\n    line-height: 0.75;\n  }\n}\n<\/style>\n\t<\/div>\n\t\n\t\t<\/div>\n\t\t\t\t\t<\/div>\n\n\t\n<\/div>\n\n<div class=\"wpcf7 no-js\" id=\"wpcf7-f1010-o1\" lang=\"en-US\" dir=\"ltr\" data-wpcf7-id=\"1010\">\n<div class=\"screen-reader-response\"><p role=\"status\" aria-live=\"polite\" aria-atomic=\"true\"><\/p> <ul><\/ul><\/div>\n<form action=\"\/da\/wp-json\/wp\/v2\/pages\/1006#wpcf7-f1010-o1\" method=\"post\" class=\"wpcf7-form init\" aria-label=\"Contact form\" novalidate=\"novalidate\" data-status=\"init\">\n<div style=\"display: none;\">\n<input type=\"hidden\" name=\"_wpcf7\" value=\"1010\" \/>\n<input type=\"hidden\" name=\"_wpcf7_version\" value=\"6.0.6\" \/>\n<input type=\"hidden\" name=\"_wpcf7_locale\" value=\"en_US\" \/>\n<input type=\"hidden\" name=\"_wpcf7_unit_tag\" value=\"wpcf7-f1010-o1\" \/>\n<input type=\"hidden\" name=\"_wpcf7_container_post\" value=\"0\" \/>\n<input type=\"hidden\" name=\"_wpcf7_posted_data_hash\" value=\"\" \/>\n<input type=\"hidden\" name=\"_wpcf7_recaptcha_response\" value=\"\" \/>\n<\/div>\n<div class=\"row row-collapse page-contact-form contact-form-cf7 \">\n\t<div class=\"col medium-6 small-12 large-6\">\n\t\t<p>Navn<span style=\"color:red;\">*<\/span>\n\t\t<\/p>\n\t\t<p><span class=\"wpcf7-form-control-wrap\" data-name=\"text-597\"><input size=\"40\" maxlength=\"400\" class=\"wpcf7-form-control wpcf7-text wpcf7-validates-as-required\" aria-required=\"true\" aria-invalid=\"false\" placeholder=\"Dit navn\" value=\"\" type=\"text\" name=\"text-597\" \/><\/span>\n\t\t<\/p>\n\t<\/div>\n\t<div class=\"col medium-6 small-12 large-6\">\n\t\t<p>Email<span style=\"color:red;\">*<\/span>\n\t\t<\/p>\n\t\t<p><span class=\"wpcf7-form-control-wrap\" data-name=\"your-email\"><input size=\"40\" maxlength=\"400\" class=\"wpcf7-form-control wpcf7-email wpcf7-validates-as-required wpcf7-text wpcf7-validates-as-email\" aria-required=\"true\" aria-invalid=\"false\" placeholder=\"Din e-mail adresse\" value=\"\" type=\"email\" name=\"your-email\" \/><\/span>\n\t\t<\/p>\n\t<\/div>\n\t<div class=\"col medium-6 small-12 large-6\">\n\t\t<p>Telefonnummer\n\t\t<\/p>\n\t\t<p><span class=\"wpcf7-form-control-wrap\" data-name=\"telephone\"><input size=\"40\" maxlength=\"400\" class=\"wpcf7-form-control wpcf7-tel wpcf7-text wpcf7-validates-as-tel\" aria-invalid=\"false\" placeholder=\"Telefonnummer\" value=\"\" type=\"tel\" name=\"telephone\" \/><\/span>\n\t\t<\/p>\n\t<\/div>\n\t<div class=\"col medium-6 small-12 large-6\">\n\t\t<p>Foresp\u00f8rgsel Kategori\n\t\t<\/p>\n\t\t<p><span class=\"wpcf7-form-control-wrap\" data-name=\"select-292\"><select class=\"wpcf7-form-control wpcf7-select\" aria-invalid=\"false\" name=\"select-292\"><option value=\"\">Foresp\u00f8rgsel<\/option><option value=\"General Feedback\">General Feedback<\/option><option value=\"Andre\">Andre<\/option><\/select><\/span>\n\t\t<\/p>\n\t<\/div>\n\t<div class=\"col medium-12 small-12 large-12\">\n\t\t<p>Emne<span style=\"color:red;\">*<\/span>\n\t\t<\/p>\n\t\t<p><span class=\"wpcf7-form-control-wrap\" data-name=\"text-599\"><input size=\"40\" maxlength=\"400\" class=\"wpcf7-form-control wpcf7-text wpcf7-validates-as-required\" aria-required=\"true\" aria-invalid=\"false\" placeholder=\"Indtast dit emne\" value=\"\" type=\"text\" name=\"text-599\" \/><\/span>\n\t\t<\/p>\n\t<\/div>\n\t<div class=\"col medium-12 small-12 large-12\">\n\t\t<p>Kommentarer\n\t\t<\/p>\n\t\t<p><span class=\"wpcf7-form-control-wrap\" data-name=\"textarea-301\"><textarea cols=\"40\" rows=\"10\" maxlength=\"2000\" class=\"wpcf7-form-control wpcf7-textarea\" aria-invalid=\"false\" placeholder=\"Skriv dine kommentarer\" name=\"textarea-301\"><\/textarea><\/span>\n\t\t<\/p>\n\t<\/div>\n\t<div class=\"col medium-12 small-12 large-12\">\n\t\t<p><input class=\"wpcf7-form-control wpcf7-submit has-spinner button\" type=\"submit\" value=\"Indsend\" \/>\n\t\t<\/p>\n\t<\/div>\n<\/div><div class=\"wpcf7-response-output\" aria-hidden=\"true\"><\/div>\n<\/form>\n<\/div>\n\n\t\t<\/div>\n\t\t\t\t\t<\/div>\n\n\t\n<\/div>\n\t\t<\/div>\n\n\t\t\n<style>\n#section_1662191172 {\n  padding-top: 30px;\n  padding-bottom: 30px;\n}\n@media (min-width:550px) {\n  #section_1662191172 {\n    padding-top: 80px;\n    padding-bottom: 80px;\n  }\n}\n<\/style>\n\t<\/section>\n\t\n","protected":false},"excerpt":{"rendered":"","protected":false},"author":1,"featured_media":0,"parent":0,"menu_order":0,"comment_status":"closed","ping_status":"closed","template":"page-blank.php","meta":{"footnotes":""},"class_list":["post-1006","page","type-page","status-publish","hentry"],"yoast_head":"<!-- This site is optimized with the Yoast SEO plugin v24.0 - https:\/\/yoast.com\/wordpress\/plugins\/seo\/ -->\n<title>Kontakt os - Thailee<\/title>\n<meta name=\"robots\" content=\"noindex, follow, max-snippet:-1, max-image-preview:large, max-video-preview:-1\" \/>\n<meta property=\"og:locale\" content=\"da_DK\" \/>\n<meta property=\"og:type\" content=\"article\" \/>\n<meta property=\"og:title\" content=\"Kontakt os - Thailee\" \/>\n<meta property=\"og:url\" content=\"https:\/\/sunleescandinavia.com\/da\/kontakt-os\/\" \/>\n<meta property=\"og:site_name\" content=\"Thailee\" \/>\n<meta property=\"article:modified_time\" content=\"2025-02-05T03:53:08+00:00\" \/>\n<meta name=\"twitter:card\" content=\"summary_large_image\" \/>\n<meta name=\"twitter:label1\" content=\"Estimeret l\u00e6setid\" \/>\n\t<meta name=\"twitter:data1\" content=\"1 minut\" \/>\n<script type=\"application\/ld+json\" class=\"yoast-schema-graph\">{\"@context\":\"https:\/\/schema.org\",\"@graph\":[{\"@type\":\"WebPage\",\"@id\":\"https:\/\/sunleescandinavia.com\/da\/kontakt-os\/\",\"url\":\"https:\/\/sunleescandinavia.com\/da\/kontakt-os\/\",\"name\":\"Kontakt os - Thailee\",\"isPartOf\":{\"@id\":\"https:\/\/sunleescandinavia.com\/#website\"},\"datePublished\":\"2024-11-25T00:46:19+00:00\",\"dateModified\":\"2025-02-05T03:53:08+00:00\",\"breadcrumb\":{\"@id\":\"https:\/\/sunleescandinavia.com\/da\/kontakt-os\/#breadcrumb\"},\"inLanguage\":\"da-DK\",\"potentialAction\":[{\"@type\":\"ReadAction\",\"target\":[\"https:\/\/sunleescandinavia.com\/da\/kontakt-os\/\"]}]},{\"@type\":\"BreadcrumbList\",\"@id\":\"https:\/\/sunleescandinavia.com\/da\/kontakt-os\/#breadcrumb\",\"itemListElement\":[{\"@type\":\"ListItem\",\"position\":1,\"name\":\"Home\",\"item\":\"https:\/\/sunleescandinavia.com\/\"},{\"@type\":\"ListItem\",\"position\":2,\"name\":\"Kontakt os\"}]},{\"@type\":\"WebSite\",\"@id\":\"https:\/\/sunleescandinavia.com\/#website\",\"url\":\"https:\/\/sunleescandinavia.com\/\",\"name\":\"thailee\",\"description\":\"\",\"publisher\":{\"@id\":\"https:\/\/sunleescandinavia.com\/#organization\"},\"potentialAction\":[{\"@type\":\"SearchAction\",\"target\":{\"@type\":\"EntryPoint\",\"urlTemplate\":\"https:\/\/sunleescandinavia.com\/?s={search_term_string}\"},\"query-input\":{\"@type\":\"PropertyValueSpecification\",\"valueRequired\":true,\"valueName\":\"search_term_string\"}}],\"inLanguage\":\"da-DK\"},{\"@type\":\"Organization\",\"@id\":\"https:\/\/sunleescandinavia.com\/#organization\",\"name\":\"thailee\",\"url\":\"https:\/\/sunleescandinavia.com\/\",\"logo\":{\"@type\":\"ImageObject\",\"inLanguage\":\"da-DK\",\"@id\":\"https:\/\/sunleescandinavia.com\/#\/schema\/logo\/image\/\",\"url\":\"https:\/\/sunleescandinavia.com\/wp-content\/uploads\/2024\/12\/Sunlee-Brand.webp\",\"contentUrl\":\"https:\/\/sunleescandinavia.com\/wp-content\/uploads\/2024\/12\/Sunlee-Brand.webp\",\"width\":1384,\"height\":646,\"caption\":\"thailee\"},\"image\":{\"@id\":\"https:\/\/sunleescandinavia.com\/#\/schema\/logo\/image\/\"}}]}<\/script>\n<!-- \/ Yoast SEO plugin. -->","yoast_head_json":{"title":"Kontakt os - Thailee","robots":{"index":"noindex","follow":"follow","max-snippet":"max-snippet:-1","max-image-preview":"max-image-preview:large","max-video-preview":"max-video-preview:-1"},"og_locale":"da_DK","og_type":"article","og_title":"Kontakt os - Thailee","og_url":"https:\/\/sunleescandinavia.com\/da\/kontakt-os\/","og_site_name":"Thailee","article_modified_time":"2025-02-05T03:53:08+00:00","twitter_card":"summary_large_image","twitter_misc":{"Estimeret l\u00e6setid":"1 minut"},"schema":{"@context":"https:\/\/schema.org","@graph":[{"@type":"WebPage","@id":"https:\/\/sunleescandinavia.com\/da\/kontakt-os\/","url":"https:\/\/sunleescandinavia.com\/da\/kontakt-os\/","name":"Kontakt os - Thailee","isPartOf":{"@id":"https:\/\/sunleescandinavia.com\/#website"},"datePublished":"2024-11-25T00:46:19+00:00","dateModified":"2025-02-05T03:53:08+00:00","breadcrumb":{"@id":"https:\/\/sunleescandinavia.com\/da\/kontakt-os\/#breadcrumb"},"inLanguage":"da-DK","potentialAction":[{"@type":"ReadAction","target":["https:\/\/sunleescandinavia.com\/da\/kontakt-os\/"]}]},{"@type":"BreadcrumbList","@id":"https:\/\/sunleescandinavia.com\/da\/kontakt-os\/#breadcrumb","itemListElement":[{"@type":"ListItem","position":1,"name":"Home","item":"https:\/\/sunleescandinavia.com\/"},{"@type":"ListItem","position":2,"name":"Kontakt os"}]},{"@type":"WebSite","@id":"https:\/\/sunleescandinavia.com\/#website","url":"https:\/\/sunleescandinavia.com\/","name":"thailee","description":"","publisher":{"@id":"https:\/\/sunleescandinavia.com\/#organization"},"potentialAction":[{"@type":"SearchAction","target":{"@type":"EntryPoint","urlTemplate":"https:\/\/sunleescandinavia.com\/?s={search_term_string}"},"query-input":{"@type":"PropertyValueSpecification","valueRequired":true,"valueName":"search_term_string"}}],"inLanguage":"da-DK"},{"@type":"Organization","@id":"https:\/\/sunleescandinavia.com\/#organization","name":"thailee","url":"https:\/\/sunleescandinavia.com\/","logo":{"@type":"ImageObject","inLanguage":"da-DK","@id":"https:\/\/sunleescandinavia.com\/#\/schema\/logo\/image\/","url":"https:\/\/sunleescandinavia.com\/wp-content\/uploads\/2024\/12\/Sunlee-Brand.webp","contentUrl":"https:\/\/sunleescandinavia.com\/wp-content\/uploads\/2024\/12\/Sunlee-Brand.webp","width":1384,"height":646,"caption":"thailee"},"image":{"@id":"https:\/\/sunleescandinavia.com\/#\/schema\/logo\/image\/"}}]}},"_links":{"self":[{"href":"https:\/\/sunleescandinavia.com\/da\/wp-json\/wp\/v2\/pages\/1006","targetHints":{"allow":["GET"]}}],"collection":[{"href":"https:\/\/sunleescandinavia.com\/da\/wp-json\/wp\/v2\/pages"}],"about":[{"href":"https:\/\/sunleescandinavia.com\/da\/wp-json\/wp\/v2\/types\/page"}],"author":[{"embeddable":true,"href":"https:\/\/sunleescandinavia.com\/da\/wp-json\/wp\/v2\/users\/1"}],"replies":[{"embeddable":true,"href":"https:\/\/sunleescandinavia.com\/da\/wp-json\/wp\/v2\/comments?post=1006"}],"version-history":[{"count":3,"href":"https:\/\/sunleescandinavia.com\/da\/wp-json\/wp\/v2\/pages\/1006\/revisions"}],"predecessor-version":[{"id":1011,"href":"https:\/\/sunleescandinavia.com\/da\/wp-json\/wp\/v2\/pages\/1006\/revisions\/1011"}],"wp:attachment":[{"href":"https:\/\/sunleescandinavia.com\/da\/wp-json\/wp\/v2\/media?parent=1006"}],"curies":[{"name":"wp","href":"https:\/\/api.w.org\/{rel}","templated":true}]}}