{"id":1025,"date":"2024-11-25T07:46:38","date_gmt":"2024-11-25T00:46:38","guid":{"rendered":"https:\/\/sunleescandinavia.com\/?page_id=1025"},"modified":"2025-02-06T15:29:15","modified_gmt":"2025-02-06T08:29:15","slug":"om-os-vores-historie","status":"publish","type":"page","link":"https:\/\/sunleescandinavia.com\/da\/om-os-vores-historie\/","title":{"rendered":"Om os \/ vores historie"},"content":{"rendered":"\n\t<section class=\"section\" id=\"section_773683802\">\n\t\t<div class=\"section-bg fill\" >\n\t\t\t\t\t\t\t\t\t\n\t\t\t\n\n\t\t<\/div>\n\n\t\t\n\n\t\t<div class=\"section-content relative\">\n\t\t\t\n\n  <div class=\"banner has-hover\" id=\"banner-1829007210\">\n          <div class=\"banner-inner fill\">\n        <div class=\"banner-bg fill\" >\n            <img loading=\"lazy\" decoding=\"async\" width=\"1020\" height=\"574\" src=\"https:\/\/sunleescandinavia.com\/wp-content\/uploads\/2024\/12\/asian-japanese-family-has-breakfast-home-asian-mom-dad-daughter-feeling-happy-talking-together-while-eat-bread-corn-flakes-cereal-milk-bowl-table-kitchen-morning-1024x576.webp\" class=\"bg attachment-large size-large\" alt=\"\" \/>                        <div class=\"overlay\"><\/div>            \n                    <\/div>\n\t\t\n        <div class=\"banner-layers container\">\n            <div class=\"fill banner-link\"><\/div>            \n   <div id=\"text-box-773911484\" class=\"text-box banner-layer x50 md-x50 lg-x50 y50 md-y50 lg-y50 res-text\">\n                     <div data-animate=\"bounceInUp\">           <div class=\"text-box-content text dark text-shadow-4\">\n              \n              <div class=\"text-inner text-center\">\n                  \n<h2 class=\"uppercase\"><b>Om os \/ vores historie<br \/>\n<\/b><\/h2>\n              <\/div>\n           <\/div>\n       <\/div>                     \n<style>\n#text-box-773911484 {\n  width: 78%;\n}\n#text-box-773911484 .text-box-content {\n  font-size: 100%;\n}\n@media (min-width:850px) {\n  #text-box-773911484 {\n    width: 60%;\n  }\n}\n<\/style>\n    <\/div>\n \n        <\/div>\n      <\/div>\n\n            \n<style>\n#banner-1829007210 {\n  padding-top: 300px;\n  background-color: rgb(255, 255, 255);\n}\n#banner-1829007210 .overlay {\n  background-color: rgba(255, 255, 255, 0.19);\n}\n#banner-1829007210 .banner-bg img {\n  object-position: 62% 77%;\n}\n@media (min-width:550px) {\n  #banner-1829007210 {\n    padding-top: 400px;\n  }\n}\n@media (min-width:850px) {\n  #banner-1829007210 {\n    padding-top: 500px;\n  }\n}\n<\/style>\n  <\/div>\n\n\n\t\t<\/div>\n\n\t\t\n<style>\n#section_773683802 {\n  padding-top: 0px;\n  padding-bottom: 0px;\n}\n<\/style>\n\t<\/section>\n\t\n\n\t<section class=\"section sec-about\" id=\"section_1049028891\">\n\t\t<div class=\"section-bg fill\" >\n\t\t\t<img loading=\"lazy\" decoding=\"async\" width=\"2560\" height=\"963\" src=\"https:\/\/sunleescandinavia.com\/wp-content\/uploads\/2024\/12\/bg-food-about-us-1-scaled.webp\" class=\"bg attachment- size-\" alt=\"\" \/>\t\t\t\t\t\t\n\t\t\t\n\n\t\t<\/div>\n\n\t\t\n\n\t\t<div class=\"section-content relative\">\n\t\t\t\n\t<div id=\"gap-923960147\" class=\"gap-element clearfix\" style=\"display:block; height:auto;\">\n\t\t\n<style>\n#gap-923960147 {\n  padding-top: 0px;\n}\n@media (min-width:550px) {\n  #gap-923960147 {\n    padding-top: 30px;\n  }\n}\n<\/style>\n\t<\/div>\n\t\n<div class=\"row align-middle\"  id=\"row-35730981\">\n\n\t<div id=\"col-1873504075\" class=\"col medium-6 small-12 large-6\"  >\n\t\t\t\t<div class=\"col-inner\"  >\n\t\t\t\n\t\t\t\n<div class=\"row row-collapse\"  id=\"row-1793250972\">\n\n\t<div id=\"col-367141289\" class=\"col small-12 large-12\"  data-animate=\"bounceInUp\">\n\t\t\t\t<div class=\"col-inner\"  >\n\t\t\t\n\t\t\t\n\t<div id=\"text-1805092794\" class=\"text\">\n\t\t\n<h2><span style=\"color: #000000;\"><span style=\"color: #ed1c24;\">I over 40 \u00e5r <\/span> har Sun Lee-m\u00e6rket domineret det asiatiske madmarked med f\u00f8devareprodukter af h\u00f8jeste kvalitet. <\/span><\/h2>\n\t\t\n<style>\n#text-1805092794 {\n  font-size: 1.2rem;\n  text-align: left;\n  color: rgb(0, 0, 0);\n}\n#text-1805092794 > * {\n  color: rgb(0, 0, 0);\n}\n<\/style>\n\t<\/div>\n\t\n\t\t<\/div>\n\t\t\t\t\t<\/div>\n\n\t\n<\/div>\n\t<div id=\"text-3946227230\" class=\"text\">\n\t\t\n<p style=\"font-size: 1rem;\">I overensstemmelse med virksomhedens principper er Sun Lee Scandinavia grundlagt for at fremme kundernes adgang til vores p\u00e5lidelige produkter.Ligesom Sun Lee, Inc er den f\u00f8rende import\u00f8r og distribut\u00f8r af asiatiske f\u00f8devarer i USA, fungerer Sun Lee Scandinavia som en filial, der bruger de samme strengt certificerede producenter og leverand\u00f8rer. Vores n\u00f8je sammensatte udvalg af asiatiske produkter vil opfylde de \u00f8gede krav til ingredienser af h\u00f8j kvalitet til b\u00e5de virksomheder og offentligheden.<\/p>\n\t\t\n<style>\n#text-3946227230 {\n  text-align: left;\n  color: rgb(0, 0, 0);\n}\n#text-3946227230 > * {\n  color: rgb(0, 0, 0);\n}\n<\/style>\n\t<\/div>\n\t\n\t\t<\/div>\n\t\t\t\t\n<style>\n#col-1873504075 > .col-inner {\n  padding: 30px 10px 0px 10px;\n}\n@media (min-width:550px) {\n  #col-1873504075 > .col-inner {\n    padding: 0px 40px 0px 0px;\n  }\n}\n<\/style>\n\t<\/div>\n\n\t\n\n\t<div id=\"col-1641714845\" class=\"col medium-6 small-12 large-6\"  >\n\t\t\t\t<div class=\"col-inner\"  >\n\t\t\t\n\t\t\t\n\n  <div class=\"banner has-hover banner-custom\" id=\"banner-969856786\">\n          <div class=\"banner-inner fill\">\n        <div class=\"banner-bg fill\" >\n            <img loading=\"lazy\" decoding=\"async\" width=\"1020\" height=\"798\" src=\"https:\/\/sunleescandinavia.com\/wp-content\/uploads\/2024\/12\/who-we-are-1024x801.webp\" class=\"bg attachment-large size-large\" alt=\"\" \/>                                    \n                    <\/div>\n\t\t\n        <div class=\"banner-layers container\">\n            <div class=\"fill banner-link\"><\/div>            \n   <div id=\"text-box-1566454329\" class=\"text-box banner-layer x100 md-x100 lg-x100 y5 md-y0 lg-y5 res-text\">\n       <div class=\"hover-bounce\">              <div data-animate=\"fadeInUp\">           <div class=\"text-box-content text dark\">\n              \n              <div class=\"text-inner text-center\">\n                  \n\t<div class=\"img has-hover img-custom x md-x lg-x y md-y lg-y\" id=\"image_1300410377\">\n\t\t\t\t\t\t\t\t<div class=\"img-inner image-cover dark\" style=\"padding-top:100%;\">\n\t\t\t<img loading=\"lazy\" decoding=\"async\" width=\"1020\" height=\"680\" src=\"https:\/\/sunleescandinavia.com\/wp-content\/uploads\/2024\/12\/green-curry-with-fish-ball-1024x683.webp\" class=\"attachment-large size-large\" alt=\"\" srcset=\"https:\/\/sunleescandinavia.com\/wp-content\/uploads\/2024\/12\/green-curry-with-fish-ball-1024x683.webp 1024w, https:\/\/sunleescandinavia.com\/wp-content\/uploads\/2024\/12\/green-curry-with-fish-ball-300x200.webp 300w, https:\/\/sunleescandinavia.com\/wp-content\/uploads\/2024\/12\/green-curry-with-fish-ball-768x512.webp 768w, https:\/\/sunleescandinavia.com\/wp-content\/uploads\/2024\/12\/green-curry-with-fish-ball-1536x1025.webp 1536w, https:\/\/sunleescandinavia.com\/wp-content\/uploads\/2024\/12\/green-curry-with-fish-ball-2048x1366.webp 2048w, https:\/\/sunleescandinavia.com\/wp-content\/uploads\/2024\/12\/green-curry-with-fish-ball-600x400.webp 600w\" sizes=\"auto, (max-width: 1020px) 100vw, 1020px\" \/>\t\t\t\t\t\t\n\t\t\t\t\t<\/div>\n\t\t\t\t\t\t\t\t\n<style>\n#image_1300410377 {\n  width: 100%;\n}\n<\/style>\n\t<\/div>\n\t\n              <\/div>\n           <\/div>\n       <\/div>              <\/div>       \n<style>\n#text-box-1566454329 {\n  margin: 020px 0px 0px 0px;\n  width: 39%;\n}\n#text-box-1566454329 .text-box-content {\n  font-size: 100%;\n}\n@media (min-width:550px) {\n  #text-box-1566454329 {\n    margin: -20px 0px 0px 0px;\n  }\n}\n@media (min-width:850px) {\n  #text-box-1566454329 {\n    margin: 0px -80px 0px 0px;\n  }\n}\n<\/style>\n    <\/div>\n \n   <div id=\"text-box-1015130633\" class=\"text-box banner-layer x0 md-x0 lg-x0 y100 md-y95 lg-y95 res-text\">\n                     <div data-animate=\"fadeInUp\">           <div class=\"text-box-content text dark\">\n              \n              <div class=\"text-inner text-center\">\n                  \n<a href=\"\/da\/vare-kategori\/ris\/\" class=\"button primary is-xlarge expand btn-product\"  >\n\t\t<span>Vores produkter<\/span>\n\t<i class=\"icon-angle-right\" aria-hidden=\"true\" ><\/i><\/a>\n\n              <\/div>\n           <\/div>\n       <\/div>                     \n<style>\n#text-box-1015130633 {\n  margin: 0px 0px 0px 0;\n  width: 49%;\n}\n#text-box-1015130633 .text-box-content {\n  font-size: 100%;\n}\n@media (min-width:550px) {\n  #text-box-1015130633 {\n    margin: 0px 0px 0px -60px;\n    width: 39%;\n  }\n}\n<\/style>\n    <\/div>\n \n        <\/div>\n      <\/div>\n\n            \n<style>\n#banner-969856786 {\n  padding-top: 500px;\n  background-color: rgb(255, 255, 255);\n}\n#banner-969856786 .banner-bg img {\n  object-position: 62% 45%;\n}\n<\/style>\n  <\/div>\n\n\n\t\t<\/div>\n\t\t\t\t\n<style>\n#col-1641714845 > .col-inner {\n  padding: 0px 0 0px 0px;\n}\n@media (min-width:850px) {\n  #col-1641714845 > .col-inner {\n    padding: 0px 30px 0px 30px;\n  }\n}\n<\/style>\n\t<\/div>\n\n\t\n<\/div>\n\t\t<\/div>\n\n\t\t\n<style>\n#section_1049028891 {\n  padding-top: 30px;\n  padding-bottom: 30px;\n}\n@media (min-width:550px) {\n  #section_1049028891 {\n    padding-top: 80px;\n    padding-bottom: 80px;\n  }\n}\n<\/style>\n\t<\/section>\n\t\n\n\t<section class=\"section\" id=\"section_860423939\">\n\t\t<div class=\"section-bg fill\" >\n\t\t\t\t\t\t\t\t\t\n\t\t\t\n\n\t\t<\/div>\n\n\t\t\n\n\t\t<div class=\"section-content relative\">\n\t\t\t\n\n  <div class=\"banner has-hover\" id=\"banner-1052645252\">\n          <div class=\"banner-inner fill\">\n        <div class=\"banner-bg fill\" >\n            <img loading=\"lazy\" decoding=\"async\" width=\"2560\" height=\"1040\" src=\"https:\/\/sunleescandinavia.com\/wp-content\/uploads\/2025\/01\/about-sunlee-3-scaled.webp\" class=\"bg attachment-original size-original\" alt=\"\" \/>                                    \n                    <\/div>\n\t\t\n        <div class=\"banner-layers container\">\n            <div class=\"fill banner-link\"><\/div>            \n   <div id=\"text-box-2130373972\" class=\"text-box banner-layer x50 md-x50 lg-x50 y0 md-y15 lg-y20 res-text\">\n                     <div data-animate=\"bounceInUp\">           <div class=\"text-box-content text \">\n              \n              <div class=\"text-inner text-center\">\n                  \n\t<div id=\"text-1244889663\" class=\"text\">\n\t\t\n<p style=\"font-size: 1.2rem;\">Sun Lee Scandinavia vil opfylde det niveau af ekspertise, som Sun Lee-m\u00e6rket i forvejen er kendt for. Det giver sikkerhed for, at kunne replikere alle dine retter med de samme l\u00e6kre smagsoplevelser, igen og igen.<\/p>\n\t\t\n<style>\n#text-1244889663 {\n  color: rgb(0,0,0);\n}\n#text-1244889663 > * {\n  color: rgb(0,0,0);\n}\n<\/style>\n\t<\/div>\n\t\n              <\/div>\n           <\/div>\n       <\/div>                     \n<style>\n#text-box-2130373972 {\n  width: 91%;\n}\n#text-box-2130373972 .text-box-content {\n  font-size: 100%;\n}\n@media (min-width:550px) {\n  #text-box-2130373972 {\n    width: 60%;\n  }\n}\n<\/style>\n    <\/div>\n \n        <\/div>\n      <\/div>\n\n            \n<style>\n#banner-1052645252 {\n  padding-top: 500px;\n  background-color: rgb(255, 255, 255);\n}\n#banner-1052645252 .banner-bg img {\n  object-position: 13% 43%;\n}\n@media (min-width:850px) {\n  #banner-1052645252 {\n    padding-top: 650px;\n  }\n}\n<\/style>\n  <\/div>\n\n\n\t\t<\/div>\n\n\t\t\n<style>\n#section_860423939 {\n  padding-top: 0px;\n  padding-bottom: 0px;\n  background-color: rgb(255, 255, 255);\n}\n<\/style>\n\t<\/section>\n\t\n","protected":false},"excerpt":{"rendered":"","protected":false},"author":1,"featured_media":0,"parent":0,"menu_order":0,"comment_status":"closed","ping_status":"closed","template":"page-blank.php","meta":{"footnotes":""},"class_list":["post-1025","page","type-page","status-publish","hentry"],"yoast_head":"<!-- This site is optimized with the Yoast SEO plugin v24.0 - https:\/\/yoast.com\/wordpress\/plugins\/seo\/ -->\n<title>Om os \/ vores historie - Thailee<\/title>\n<meta name=\"robots\" content=\"noindex, follow, max-snippet:-1, max-image-preview:large, max-video-preview:-1\" \/>\n<meta property=\"og:locale\" content=\"da_DK\" \/>\n<meta property=\"og:type\" content=\"article\" \/>\n<meta property=\"og:title\" content=\"Om os \/ vores historie - Thailee\" \/>\n<meta property=\"og:url\" content=\"https:\/\/sunleescandinavia.com\/da\/om-os-vores-historie\/\" \/>\n<meta property=\"og:site_name\" content=\"Thailee\" \/>\n<meta property=\"article:modified_time\" content=\"2025-02-06T08:29:15+00:00\" \/>\n<meta name=\"twitter:card\" content=\"summary_large_image\" \/>\n<meta name=\"twitter:label1\" content=\"Estimeret l\u00e6setid\" \/>\n\t<meta name=\"twitter:data1\" content=\"2 minutter\" \/>\n<script type=\"application\/ld+json\" class=\"yoast-schema-graph\">{\"@context\":\"https:\/\/schema.org\",\"@graph\":[{\"@type\":\"WebPage\",\"@id\":\"https:\/\/sunleescandinavia.com\/da\/om-os-vores-historie\/\",\"url\":\"https:\/\/sunleescandinavia.com\/da\/om-os-vores-historie\/\",\"name\":\"Om os \/ vores historie - Thailee\",\"isPartOf\":{\"@id\":\"https:\/\/sunleescandinavia.com\/#website\"},\"datePublished\":\"2024-11-25T00:46:38+00:00\",\"dateModified\":\"2025-02-06T08:29:15+00:00\",\"breadcrumb\":{\"@id\":\"https:\/\/sunleescandinavia.com\/da\/om-os-vores-historie\/#breadcrumb\"},\"inLanguage\":\"da-DK\",\"potentialAction\":[{\"@type\":\"ReadAction\",\"target\":[\"https:\/\/sunleescandinavia.com\/da\/om-os-vores-historie\/\"]}]},{\"@type\":\"BreadcrumbList\",\"@id\":\"https:\/\/sunleescandinavia.com\/da\/om-os-vores-historie\/#breadcrumb\",\"itemListElement\":[{\"@type\":\"ListItem\",\"position\":1,\"name\":\"Home\",\"item\":\"https:\/\/sunleescandinavia.com\/\"},{\"@type\":\"ListItem\",\"position\":2,\"name\":\"Om os \/ vores historie\"}]},{\"@type\":\"WebSite\",\"@id\":\"https:\/\/sunleescandinavia.com\/#website\",\"url\":\"https:\/\/sunleescandinavia.com\/\",\"name\":\"thailee\",\"description\":\"\",\"publisher\":{\"@id\":\"https:\/\/sunleescandinavia.com\/#organization\"},\"potentialAction\":[{\"@type\":\"SearchAction\",\"target\":{\"@type\":\"EntryPoint\",\"urlTemplate\":\"https:\/\/sunleescandinavia.com\/?s={search_term_string}\"},\"query-input\":{\"@type\":\"PropertyValueSpecification\",\"valueRequired\":true,\"valueName\":\"search_term_string\"}}],\"inLanguage\":\"da-DK\"},{\"@type\":\"Organization\",\"@id\":\"https:\/\/sunleescandinavia.com\/#organization\",\"name\":\"thailee\",\"url\":\"https:\/\/sunleescandinavia.com\/\",\"logo\":{\"@type\":\"ImageObject\",\"inLanguage\":\"da-DK\",\"@id\":\"https:\/\/sunleescandinavia.com\/#\/schema\/logo\/image\/\",\"url\":\"https:\/\/sunleescandinavia.com\/wp-content\/uploads\/2024\/12\/Sunlee-Brand.webp\",\"contentUrl\":\"https:\/\/sunleescandinavia.com\/wp-content\/uploads\/2024\/12\/Sunlee-Brand.webp\",\"width\":1384,\"height\":646,\"caption\":\"thailee\"},\"image\":{\"@id\":\"https:\/\/sunleescandinavia.com\/#\/schema\/logo\/image\/\"}}]}<\/script>\n<!-- \/ Yoast SEO plugin. -->","yoast_head_json":{"title":"Om os \/ vores historie - Thailee","robots":{"index":"noindex","follow":"follow","max-snippet":"max-snippet:-1","max-image-preview":"max-image-preview:large","max-video-preview":"max-video-preview:-1"},"og_locale":"da_DK","og_type":"article","og_title":"Om os \/ vores historie - Thailee","og_url":"https:\/\/sunleescandinavia.com\/da\/om-os-vores-historie\/","og_site_name":"Thailee","article_modified_time":"2025-02-06T08:29:15+00:00","twitter_card":"summary_large_image","twitter_misc":{"Estimeret l\u00e6setid":"2 minutter"},"schema":{"@context":"https:\/\/schema.org","@graph":[{"@type":"WebPage","@id":"https:\/\/sunleescandinavia.com\/da\/om-os-vores-historie\/","url":"https:\/\/sunleescandinavia.com\/da\/om-os-vores-historie\/","name":"Om os \/ vores historie - Thailee","isPartOf":{"@id":"https:\/\/sunleescandinavia.com\/#website"},"datePublished":"2024-11-25T00:46:38+00:00","dateModified":"2025-02-06T08:29:15+00:00","breadcrumb":{"@id":"https:\/\/sunleescandinavia.com\/da\/om-os-vores-historie\/#breadcrumb"},"inLanguage":"da-DK","potentialAction":[{"@type":"ReadAction","target":["https:\/\/sunleescandinavia.com\/da\/om-os-vores-historie\/"]}]},{"@type":"BreadcrumbList","@id":"https:\/\/sunleescandinavia.com\/da\/om-os-vores-historie\/#breadcrumb","itemListElement":[{"@type":"ListItem","position":1,"name":"Home","item":"https:\/\/sunleescandinavia.com\/"},{"@type":"ListItem","position":2,"name":"Om os \/ vores historie"}]},{"@type":"WebSite","@id":"https:\/\/sunleescandinavia.com\/#website","url":"https:\/\/sunleescandinavia.com\/","name":"thailee","description":"","publisher":{"@id":"https:\/\/sunleescandinavia.com\/#organization"},"potentialAction":[{"@type":"SearchAction","target":{"@type":"EntryPoint","urlTemplate":"https:\/\/sunleescandinavia.com\/?s={search_term_string}"},"query-input":{"@type":"PropertyValueSpecification","valueRequired":true,"valueName":"search_term_string"}}],"inLanguage":"da-DK"},{"@type":"Organization","@id":"https:\/\/sunleescandinavia.com\/#organization","name":"thailee","url":"https:\/\/sunleescandinavia.com\/","logo":{"@type":"ImageObject","inLanguage":"da-DK","@id":"https:\/\/sunleescandinavia.com\/#\/schema\/logo\/image\/","url":"https:\/\/sunleescandinavia.com\/wp-content\/uploads\/2024\/12\/Sunlee-Brand.webp","contentUrl":"https:\/\/sunleescandinavia.com\/wp-content\/uploads\/2024\/12\/Sunlee-Brand.webp","width":1384,"height":646,"caption":"thailee"},"image":{"@id":"https:\/\/sunleescandinavia.com\/#\/schema\/logo\/image\/"}}]}},"_links":{"self":[{"href":"https:\/\/sunleescandinavia.com\/da\/wp-json\/wp\/v2\/pages\/1025","targetHints":{"allow":["GET"]}}],"collection":[{"href":"https:\/\/sunleescandinavia.com\/da\/wp-json\/wp\/v2\/pages"}],"about":[{"href":"https:\/\/sunleescandinavia.com\/da\/wp-json\/wp\/v2\/types\/page"}],"author":[{"embeddable":true,"href":"https:\/\/sunleescandinavia.com\/da\/wp-json\/wp\/v2\/users\/1"}],"replies":[{"embeddable":true,"href":"https:\/\/sunleescandinavia.com\/da\/wp-json\/wp\/v2\/comments?post=1025"}],"version-history":[{"count":3,"href":"https:\/\/sunleescandinavia.com\/da\/wp-json\/wp\/v2\/pages\/1025\/revisions"}],"predecessor-version":[{"id":1242,"href":"https:\/\/sunleescandinavia.com\/da\/wp-json\/wp\/v2\/pages\/1025\/revisions\/1242"}],"wp:attachment":[{"href":"https:\/\/sunleescandinavia.com\/da\/wp-json\/wp\/v2\/media?parent=1025"}],"curies":[{"name":"wp","href":"https:\/\/api.w.org\/{rel}","templated":true}]}}