{"id":1229,"date":"2025-02-06T14:59:51","date_gmt":"2025-02-06T07:59:51","guid":{"rendered":"https:\/\/sunleescandinavia.com\/?page_id=1229"},"modified":"2025-02-06T15:07:43","modified_gmt":"2025-02-06T08:07:43","slug":"cookiepolitik","status":"publish","type":"page","link":"https:\/\/sunleescandinavia.com\/da\/cookiepolitik\/","title":{"rendered":"Cookiepolitik"},"content":{"rendered":"\t<div id=\"text-3101230013\" class=\"text\">\n\t\t\n<h2 style=\"text-align: center;\"><b>Cookiepolitik<\/b><\/h2>\n<p><b>Introduktion<\/b><\/p>\n<p><span style=\"font-weight: 400;\">Denne Cookiepolitik forklarer, hvordan vi bruger cookies og lignende teknologier p\u00e5 vores hjemmeside. N\u00e5r du bes\u00f8ger vores hjemmeside, indsamles der oplysninger om dig via cookies, som bruges til at forbedre din oplevelse og til analytiske og markedsf\u00f8ringsm\u00e6ssige form\u00e5l.<\/span><\/p>\n<p><span style=\"font-weight: 400;\">Ved at forts\u00e6tte med at bruge vores hjemmeside accepterer du vores brug af cookies i overensstemmelse med denne politik.<\/span><\/p>\n<p><b>Hvad er cookies?<\/b><b><br \/>\n<\/b><span style=\"font-weight: 400;\">Cookies er sm\u00e5 tekstfiler, der gemmes p\u00e5 din computer, smartphone eller anden enhed, n\u00e5r du bes\u00f8ger en hjemmeside. De bruges til at genkende din enhed og gemme oplysninger om dine pr\u00e6ferencer eller tidligere handlinger p\u00e5 hjemmesiden.<\/span><\/p>\n<p><b>Typer af cookies, vi bruger<\/b><b><br \/>\n<\/b><span style=\"font-weight: 400;\">Vi bruger f\u00f8lgende typer af cookies:<\/span><\/p>\n<ol>\n<li><b>N\u00f8dvendige cookies<\/b><b><br \/>\n<\/b><span style=\"font-weight: 400;\">Disse cookies er n\u00f8dvendige for, at hjemmesiden kan fungere korrekt. De giver dig mulighed for at bruge essentielle funktioner som adgang til sikre omr\u00e5der af hjemmesiden.<\/span><\/li>\n<li><b>Pr\u00e6ferencecookies<\/b><b><br \/>\n<\/b><span style=\"font-weight: 400;\">Disse cookies g\u00f8r det muligt for hjemmesiden at huske dine valg, s\u00e5som sprog eller den region, du befinder dig i, for at give en mere personlig oplevelse.<\/span><\/li>\n<li><b>Statistikcookies<\/b><b><br \/>\n<\/b><span style=\"font-weight: 400;\">Statistikcookies hj\u00e6lper os med at forst\u00e5, hvordan bes\u00f8gende interagerer med hjemmesiden, ved at indsamle og rapportere oplysninger anonymt.<\/span><\/li>\n<li><b>Marketingcookies<\/b><b><br \/>\n<\/b><span style=\"font-weight: 400;\">Marketingcookies bruges til at spore bes\u00f8gende p\u00e5 tv\u00e6rs af hjemmesider for at vise relevante annoncer og m\u00e5le effektiviteten af markedsf\u00f8ringskampagner.<\/span><\/li>\n<\/ol>\n<p><b>Tredjepartscookies<\/b><b><br \/>\n<\/b><span style=\"font-weight: 400;\">Vi kan ogs\u00e5 bruge tredjepartscookies, som leveres af eksterne partnere, fx til analyse og markedsf\u00f8ring (f.eks. Google Analytics, Facebook Pixel osv.).<\/span><\/p>\n<p><b>Hvordan kan du kontrollere cookies?<\/b><b><br \/>\n<\/b><span style=\"font-weight: 400;\">Du kan til enhver tid \u00e6ndre eller tilbagekalde dit samtykke til vores brug af cookies via cookieindstillingerne p\u00e5 vores hjemmeside. Du kan ogs\u00e5 administrere cookies via din browser:<\/span><\/p>\n<ul>\n<li><b>\u00c6ndre browserindstillinger:<\/b><span style=\"font-weight: 400;\"> De fleste browsere tillader dig at slette eller blokere cookies. Se hj\u00e6lpemenuen i din browser for at f\u00e5 instruktioner.<\/span><span style=\"font-weight: 400;\"><br \/>\n<\/span><span style=\"font-weight: 400;\">\u2022 <\/span><b>Fravalg af tredjepartscookies:<\/b><span style=\"font-weight: 400;\"> Du kan ofte afmelde tredjepartscookies direkte hos leverand\u00f8ren.<\/span><span style=\"font-weight: 400;\"><br \/>\n<\/span><span style=\"font-weight: 400;\">Bem\u00e6rk, at blokering af visse cookies kan p\u00e5virke funktionaliteten af vores hjemmeside.<\/span><\/li>\n<\/ul>\n<p><b>\u00c6ndringer i denne Cookiepolitik<\/b><b><br \/>\n<\/b><span style=\"font-weight: 400;\">Vi forbeholder os retten til at opdatere denne Cookiepolitik fra tid til anden. Eventuelle \u00e6ndringer vil blive offentliggjort p\u00e5 denne side med en opdateret dato.<\/span><\/p>\n<p><b>Kontakt<\/b><\/p>\n<p><span style=\"font-weight: 400;\">Hvis du har sp\u00f8rgsm\u00e5l om vores brug af cookies, er du velkommen til at kontakte os:<\/span><\/p>\n<p><span style=\"font-weight: 400;\">Sun Lee Foods Scandinavia ApS<\/span><span style=\"font-weight: 400;\"><br \/>\n<\/span><span style=\"font-weight: 400;\">Address : Huginsvej 15, 4100 Ringsted.<\/span><span style=\"font-weight: 400;\"><br \/>\n<\/span><span style=\"font-weight: 400;\">CVR-nr.: 45022986<\/span><span style=\"font-weight: 400;\"><br \/>\n<\/span><span style=\"font-weight: 400;\">Email : <\/span><a href=\"mailto:info.dk@sunlee.com\"><span style=\"font-weight: 400;\">info.dk@sunlee.com<\/span><span style=\"font-weight: 400;\"><br \/>\n<\/span><\/a><span style=\"font-weight: 400;\">Telefonnummer : \u2026\u2026\u2026.<\/span><\/p>\n\t\t\n<style>\n#text-3101230013 {\n  color: rgb(0,0,0);\n}\n#text-3101230013 > * {\n  color: rgb(0,0,0);\n}\n<\/style>\n\t<\/div>\n\t\n","protected":false},"excerpt":{"rendered":"","protected":false},"author":1,"featured_media":0,"parent":0,"menu_order":0,"comment_status":"closed","ping_status":"closed","template":"","meta":{"footnotes":""},"class_list":["post-1229","page","type-page","status-publish","hentry"],"yoast_head":"<!-- This site is optimized with the Yoast SEO plugin v24.0 - https:\/\/yoast.com\/wordpress\/plugins\/seo\/ -->\n<title>Cookiepolitik - Thailee<\/title>\n<meta name=\"robots\" content=\"noindex, follow, max-snippet:-1, max-image-preview:large, max-video-preview:-1\" \/>\n<meta property=\"og:locale\" content=\"da_DK\" \/>\n<meta property=\"og:type\" content=\"article\" \/>\n<meta property=\"og:title\" content=\"Cookiepolitik - Thailee\" \/>\n<meta property=\"og:url\" content=\"https:\/\/sunleescandinavia.com\/da\/cookiepolitik\/\" \/>\n<meta property=\"og:site_name\" content=\"Thailee\" \/>\n<meta property=\"article:modified_time\" content=\"2025-02-06T08:07:43+00:00\" \/>\n<meta name=\"twitter:card\" content=\"summary_large_image\" \/>\n<script type=\"application\/ld+json\" class=\"yoast-schema-graph\">{\"@context\":\"https:\/\/schema.org\",\"@graph\":[{\"@type\":\"WebPage\",\"@id\":\"https:\/\/sunleescandinavia.com\/da\/cookiepolitik\/\",\"url\":\"https:\/\/sunleescandinavia.com\/da\/cookiepolitik\/\",\"name\":\"Cookiepolitik - Thailee\",\"isPartOf\":{\"@id\":\"https:\/\/sunleescandinavia.com\/#website\"},\"datePublished\":\"2025-02-06T07:59:51+00:00\",\"dateModified\":\"2025-02-06T08:07:43+00:00\",\"breadcrumb\":{\"@id\":\"https:\/\/sunleescandinavia.com\/da\/cookiepolitik\/#breadcrumb\"},\"inLanguage\":\"da-DK\",\"potentialAction\":[{\"@type\":\"ReadAction\",\"target\":[\"https:\/\/sunleescandinavia.com\/da\/cookiepolitik\/\"]}]},{\"@type\":\"BreadcrumbList\",\"@id\":\"https:\/\/sunleescandinavia.com\/da\/cookiepolitik\/#breadcrumb\",\"itemListElement\":[{\"@type\":\"ListItem\",\"position\":1,\"name\":\"Home\",\"item\":\"https:\/\/sunleescandinavia.com\/\"},{\"@type\":\"ListItem\",\"position\":2,\"name\":\"Cookiepolitik\"}]},{\"@type\":\"WebSite\",\"@id\":\"https:\/\/sunleescandinavia.com\/#website\",\"url\":\"https:\/\/sunleescandinavia.com\/\",\"name\":\"thailee\",\"description\":\"\",\"publisher\":{\"@id\":\"https:\/\/sunleescandinavia.com\/#organization\"},\"potentialAction\":[{\"@type\":\"SearchAction\",\"target\":{\"@type\":\"EntryPoint\",\"urlTemplate\":\"https:\/\/sunleescandinavia.com\/?s={search_term_string}\"},\"query-input\":{\"@type\":\"PropertyValueSpecification\",\"valueRequired\":true,\"valueName\":\"search_term_string\"}}],\"inLanguage\":\"da-DK\"},{\"@type\":\"Organization\",\"@id\":\"https:\/\/sunleescandinavia.com\/#organization\",\"name\":\"thailee\",\"url\":\"https:\/\/sunleescandinavia.com\/\",\"logo\":{\"@type\":\"ImageObject\",\"inLanguage\":\"da-DK\",\"@id\":\"https:\/\/sunleescandinavia.com\/#\/schema\/logo\/image\/\",\"url\":\"https:\/\/sunleescandinavia.com\/wp-content\/uploads\/2024\/12\/Sunlee-Brand.webp\",\"contentUrl\":\"https:\/\/sunleescandinavia.com\/wp-content\/uploads\/2024\/12\/Sunlee-Brand.webp\",\"width\":1384,\"height\":646,\"caption\":\"thailee\"},\"image\":{\"@id\":\"https:\/\/sunleescandinavia.com\/#\/schema\/logo\/image\/\"}}]}<\/script>\n<!-- \/ Yoast SEO plugin. -->","yoast_head_json":{"title":"Cookiepolitik - Thailee","robots":{"index":"noindex","follow":"follow","max-snippet":"max-snippet:-1","max-image-preview":"max-image-preview:large","max-video-preview":"max-video-preview:-1"},"og_locale":"da_DK","og_type":"article","og_title":"Cookiepolitik - Thailee","og_url":"https:\/\/sunleescandinavia.com\/da\/cookiepolitik\/","og_site_name":"Thailee","article_modified_time":"2025-02-06T08:07:43+00:00","twitter_card":"summary_large_image","schema":{"@context":"https:\/\/schema.org","@graph":[{"@type":"WebPage","@id":"https:\/\/sunleescandinavia.com\/da\/cookiepolitik\/","url":"https:\/\/sunleescandinavia.com\/da\/cookiepolitik\/","name":"Cookiepolitik - Thailee","isPartOf":{"@id":"https:\/\/sunleescandinavia.com\/#website"},"datePublished":"2025-02-06T07:59:51+00:00","dateModified":"2025-02-06T08:07:43+00:00","breadcrumb":{"@id":"https:\/\/sunleescandinavia.com\/da\/cookiepolitik\/#breadcrumb"},"inLanguage":"da-DK","potentialAction":[{"@type":"ReadAction","target":["https:\/\/sunleescandinavia.com\/da\/cookiepolitik\/"]}]},{"@type":"BreadcrumbList","@id":"https:\/\/sunleescandinavia.com\/da\/cookiepolitik\/#breadcrumb","itemListElement":[{"@type":"ListItem","position":1,"name":"Home","item":"https:\/\/sunleescandinavia.com\/"},{"@type":"ListItem","position":2,"name":"Cookiepolitik"}]},{"@type":"WebSite","@id":"https:\/\/sunleescandinavia.com\/#website","url":"https:\/\/sunleescandinavia.com\/","name":"thailee","description":"","publisher":{"@id":"https:\/\/sunleescandinavia.com\/#organization"},"potentialAction":[{"@type":"SearchAction","target":{"@type":"EntryPoint","urlTemplate":"https:\/\/sunleescandinavia.com\/?s={search_term_string}"},"query-input":{"@type":"PropertyValueSpecification","valueRequired":true,"valueName":"search_term_string"}}],"inLanguage":"da-DK"},{"@type":"Organization","@id":"https:\/\/sunleescandinavia.com\/#organization","name":"thailee","url":"https:\/\/sunleescandinavia.com\/","logo":{"@type":"ImageObject","inLanguage":"da-DK","@id":"https:\/\/sunleescandinavia.com\/#\/schema\/logo\/image\/","url":"https:\/\/sunleescandinavia.com\/wp-content\/uploads\/2024\/12\/Sunlee-Brand.webp","contentUrl":"https:\/\/sunleescandinavia.com\/wp-content\/uploads\/2024\/12\/Sunlee-Brand.webp","width":1384,"height":646,"caption":"thailee"},"image":{"@id":"https:\/\/sunleescandinavia.com\/#\/schema\/logo\/image\/"}}]}},"_links":{"self":[{"href":"https:\/\/sunleescandinavia.com\/da\/wp-json\/wp\/v2\/pages\/1229","targetHints":{"allow":["GET"]}}],"collection":[{"href":"https:\/\/sunleescandinavia.com\/da\/wp-json\/wp\/v2\/pages"}],"about":[{"href":"https:\/\/sunleescandinavia.com\/da\/wp-json\/wp\/v2\/types\/page"}],"author":[{"embeddable":true,"href":"https:\/\/sunleescandinavia.com\/da\/wp-json\/wp\/v2\/users\/1"}],"replies":[{"embeddable":true,"href":"https:\/\/sunleescandinavia.com\/da\/wp-json\/wp\/v2\/comments?post=1229"}],"version-history":[{"count":1,"href":"https:\/\/sunleescandinavia.com\/da\/wp-json\/wp\/v2\/pages\/1229\/revisions"}],"predecessor-version":[{"id":1230,"href":"https:\/\/sunleescandinavia.com\/da\/wp-json\/wp\/v2\/pages\/1229\/revisions\/1230"}],"wp:attachment":[{"href":"https:\/\/sunleescandinavia.com\/da\/wp-json\/wp\/v2\/media?parent=1229"}],"curies":[{"name":"wp","href":"https:\/\/api.w.org\/{rel}","templated":true}]}}